{"id":7,"date":"2024-01-17T12:27:46","date_gmt":"2024-01-17T11:27:46","guid":{"rendered":"https:\/\/stempsmeditation.fr\/?page_id=7"},"modified":"2024-05-13T23:19:11","modified_gmt":"2024-05-13T21:19:11","slug":"accueil","status":"publish","type":"page","link":"https:\/\/stempsmeditation.fr\/","title":{"rendered":"Accueil"},"content":{"rendered":"\t\t<div data-elementor-type=\"wp-page\" data-elementor-id=\"7\" class=\"elementor elementor-7\" data-elementor-post-type=\"page\">\n\t\t\t\t\t\t\t<div class=\"elementor-element elementor-element-c86d302 e-con-full e-flex e-con e-parent\" data-id=\"c86d302\" data-element_type=\"container\" data-settings=\"{&quot;shape_divider_top&quot;:&quot;waves&quot;,&quot;shape_divider_bottom&quot;:&quot;waves&quot;,&quot;content_width&quot;:&quot;full&quot;}\" data-core-v316-plus=\"true\">\n\t\t\t\t<div class=\"elementor-shape elementor-shape-top\" data-negative=\"false\">\n\t\t\t<svg xmlns=\"http:\/\/www.w3.org\/2000\/svg\" viewBox=\"0 0 1000 100\" preserveAspectRatio=\"none\">\n\t<path class=\"elementor-shape-fill\" d=\"M421.9,6.5c22.6-2.5,51.5,0.4,75.5,5.3c23.6,4.9,70.9,23.5,100.5,35.7c75.8,32.2,133.7,44.5,192.6,49.7\n\tc23.6,2.1,48.7,3.5,103.4-2.5c54.7-6,106.2-25.6,106.2-25.6V0H0v30.3c0,0,72,32.6,158.4,30.5c39.2-0.7,92.8-6.7,134-22.4\n\tc21.2-8.1,52.2-18.2,79.7-24.2C399.3,7.9,411.6,7.5,421.9,6.5z\"\/>\n<\/svg>\t\t<\/div>\n\t\t\t\t<div class=\"elementor-shape elementor-shape-bottom\" data-negative=\"false\">\n\t\t\t<svg xmlns=\"http:\/\/www.w3.org\/2000\/svg\" viewBox=\"0 0 1000 100\" preserveAspectRatio=\"none\">\n\t<path class=\"elementor-shape-fill\" d=\"M421.9,6.5c22.6-2.5,51.5,0.4,75.5,5.3c23.6,4.9,70.9,23.5,100.5,35.7c75.8,32.2,133.7,44.5,192.6,49.7\n\tc23.6,2.1,48.7,3.5,103.4-2.5c54.7-6,106.2-25.6,106.2-25.6V0H0v30.3c0,0,72,32.6,158.4,30.5c39.2-0.7,92.8-6.7,134-22.4\n\tc21.2-8.1,52.2-18.2,79.7-24.2C399.3,7.9,411.6,7.5,421.9,6.5z\"\/>\n<\/svg>\t\t<\/div>\n\t\t\t\t<div class=\"elementor-element elementor-element-b96a194 elementor-widget elementor-widget-text-editor\" data-id=\"b96a194\" data-element_type=\"widget\" data-widget_type=\"text-editor.default\">\n\t\t\t\t<div class=\"elementor-widget-container\">\n\t\t\t<style>\/*! elementor - v3.18.0 - 20-12-2023 *\/\n.elementor-widget-text-editor.elementor-drop-cap-view-stacked .elementor-drop-cap{background-color:#69727d;color:#fff}.elementor-widget-text-editor.elementor-drop-cap-view-framed .elementor-drop-cap{color:#69727d;border:3px solid;background-color:transparent}.elementor-widget-text-editor:not(.elementor-drop-cap-view-default) .elementor-drop-cap{margin-top:8px}.elementor-widget-text-editor:not(.elementor-drop-cap-view-default) .elementor-drop-cap-letter{width:1em;height:1em}.elementor-widget-text-editor .elementor-drop-cap{float:left;text-align:center;line-height:1;font-size:50px}.elementor-widget-text-editor .elementor-drop-cap-letter{display:inline-block}<\/style>\t\t\t\t<p>Bonjour,\u00a0<\/p><p>St\u00e9phanie, hypnoth\u00e9rapeute et \u00e9nerg\u00e9ticienne Reiki, j\u2019ai cr\u00e9\u00e9 il y a quelques mois une cha\u00eene YouTube o\u00f9 je vous partage des m\u00e9ditations pour adultes et enfants, j\u2019aime cr\u00e9er des histoires qui vous transportent, vous apaise, vous r\u00e9invente et vous rende meilleur.<\/p><p>Le cerveau ne fait pas la diff\u00e9rence entre le r\u00e9el et l\u2019imaginaire, par le simple fait d&rsquo;imaginer des visualisations ou l&rsquo;action que l\u2019on souhaite faire, le cerveau active les synapses correspondants exactement comme s\u2019il \u00e9tait dans la r\u00e9alit\u00e9, il traite les donn\u00e9es qu\u2019il re\u00e7oit consciemment et inconsciemment, n\u2019avez-vous pas eu certains de vos r\u00eaves que vous pouvez jurer encore aujourd\u2019hui qu\u2019ils \u00e9taient vrais tellement ils semblaient r\u00e9els.<\/p><p>Avec les m\u00e9ditations, tout comme avec l\u2019hypnose, nous pouvons apporter des solutions pour certains d\u00e9sagr\u00e9ments, tel que l\u2019angoisse, les insomnies, le stress, la manque de confiance en soi \u2026.<\/p><p>Les m\u00e9ditations personnalis\u00e9es apportent un vrai plus pour tout cela, car l\u2019enfant entend son pr\u00e9nom et celui de ses amis, il choisit son d\u00e9cor, un endroit qui l\u2019apaise, il peut aussi choisir la pr\u00e9sence d\u2019un animal, cette m\u00e9ditation faite pour lui va le rassurer, le rendre plus attentif \u00e0 l\u2019\u00e9coute et plus moteur, il peut \u00eatre parfois compliqu\u00e9 de soumettre un temps de m\u00e9ditation pour les enfants, mais en \u00e9coutant le r\u00e9cit mettant en sc\u00e8ne l\u2019enfant lui-m\u00eame ainsi que des personnes de son quotidien, va le surprendre et il aura une \u00e9coute attentive de l\u2019histoire.<\/p>\t\t\t\t\t\t<\/div>\n\t\t\t\t<\/div>\n\t\t\t\t<\/div>\n\t\t<div class=\"elementor-element elementor-element-a8a5f38 e-con-full e-flex e-con e-parent\" data-id=\"a8a5f38\" data-element_type=\"container\" data-settings=\"{&quot;shape_divider_top&quot;:&quot;waves&quot;,&quot;content_width&quot;:&quot;full&quot;}\" data-core-v316-plus=\"true\">\n\t\t\t\t<div class=\"elementor-shape elementor-shape-top\" data-negative=\"false\">\n\t\t\t<svg xmlns=\"http:\/\/www.w3.org\/2000\/svg\" viewBox=\"0 0 1000 100\" preserveAspectRatio=\"none\">\n\t<path class=\"elementor-shape-fill\" d=\"M421.9,6.5c22.6-2.5,51.5,0.4,75.5,5.3c23.6,4.9,70.9,23.5,100.5,35.7c75.8,32.2,133.7,44.5,192.6,49.7\n\tc23.6,2.1,48.7,3.5,103.4-2.5c54.7-6,106.2-25.6,106.2-25.6V0H0v30.3c0,0,72,32.6,158.4,30.5c39.2-0.7,92.8-6.7,134-22.4\n\tc21.2-8.1,52.2-18.2,79.7-24.2C399.3,7.9,411.6,7.5,421.9,6.5z\"\/>\n<\/svg>\t\t<\/div>\n\t\t<div class=\"elementor-element elementor-element-b24f574 e-con-full e-flex e-con e-child\" data-id=\"b24f574\" data-element_type=\"container\" data-settings=\"{&quot;content_width&quot;:&quot;full&quot;}\">\n\t\t\t\t<div class=\"elementor-element elementor-element-646c2e2 elementor-widget__width-initial elementor-widget elementor-widget-image\" data-id=\"646c2e2\" data-element_type=\"widget\" data-widget_type=\"image.default\">\n\t\t\t\t<div class=\"elementor-widget-container\">\n\t\t\t<style>\/*! elementor - v3.18.0 - 20-12-2023 *\/\n.elementor-widget-image{text-align:center}.elementor-widget-image a{display:inline-block}.elementor-widget-image a img[src$=\".svg\"]{width:48px}.elementor-widget-image img{vertical-align:middle;display:inline-block}<\/style>\t\t\t\t\t\t\t\t\t\t\t\t<img fetchpriority=\"high\" decoding=\"async\" width=\"580\" height=\"355\" src=\"https:\/\/stempsmeditation.fr\/wp-content\/uploads\/2024\/01\/aura-5338110_640.jpg\" class=\"attachment-large size-large wp-image-58\" alt=\"\" srcset=\"https:\/\/stempsmeditation.fr\/wp-content\/uploads\/2024\/01\/aura-5338110_640.jpg 640w, https:\/\/stempsmeditation.fr\/wp-content\/uploads\/2024\/01\/aura-5338110_640-600x368.jpg 600w, https:\/\/stempsmeditation.fr\/wp-content\/uploads\/2024\/01\/aura-5338110_640-300x184.jpg 300w\" sizes=\"(max-width: 580px) 100vw, 580px\" \/>\t\t\t\t\t\t\t\t\t\t\t\t\t\t\t<\/div>\n\t\t\t\t<\/div>\n\t\t\t\t<\/div>\n\t\t<div class=\"elementor-element elementor-element-32d2465 e-con-full e-flex e-con e-child\" data-id=\"32d2465\" data-element_type=\"container\" data-settings=\"{&quot;content_width&quot;:&quot;full&quot;}\">\n\t\t\t\t<div class=\"elementor-element elementor-element-df2b304 elementor-widget elementor-widget-text-editor\" data-id=\"df2b304\" data-element_type=\"widget\" data-widget_type=\"text-editor.default\">\n\t\t\t\t<div class=\"elementor-widget-container\">\n\t\t\t\t\t\t\t<p>Pendant que votre enfant \u00e9coute sa m\u00e9ditation, il peut aussi b\u00e9n\u00e9ficier d\u2019une s\u00e9ance de REIKI \u00e0 distance, nous programmons en amont la date et l\u2019heure du soin, les enfants sont tr\u00e8s r\u00e9ceptifs, par cons\u00e9quent ils sont g\u00e9n\u00e9ralement apais\u00e9s d\u00e8s la premi\u00e8re s\u00e9ance, les bienfaits sont multiples\u00a0: \u00a0D\u00e9tente, acceptation de soi, augmentation de la capacit\u00e9 de concentration, favorise l\u2019endormissement, assure un sommeil r\u00e9parateur\u2026.<\/p><p>\u00a0<\/p>\t\t\t\t\t\t<\/div>\n\t\t\t\t<\/div>\n\t\t\t\t<\/div>\n\t\t\t\t<\/div>\n\t\t<div class=\"elementor-element elementor-element-ed55eca e-con-full e-flex e-con e-parent\" data-id=\"ed55eca\" data-element_type=\"container\" data-settings=\"{&quot;content_width&quot;:&quot;full&quot;}\" data-core-v316-plus=\"true\">\n\t\t<div class=\"elementor-element elementor-element-7c10b50 e-con-full e-flex e-con e-child\" data-id=\"7c10b50\" data-element_type=\"container\" data-settings=\"{&quot;content_width&quot;:&quot;full&quot;}\">\n\t\t\t\t<div class=\"elementor-element elementor-element-74292b0 elementor-widget elementor-widget-text-editor\" data-id=\"74292b0\" data-element_type=\"widget\" data-widget_type=\"text-editor.default\">\n\t\t\t\t<div class=\"elementor-widget-container\">\n\t\t\t\t\t\t\t<p>Dans la vie, tout \u00e0 un sens, une signification, on ne rencontre personne par hasard, et nous sommes toujours au bon endroit au bon moment, ni en avance, ni en retard, il faut laisser les choses se faire naturellement sans r\u00e9sistance, se laisser guider et \u00eatre \u00e0 l\u2019\u00e9coute de son c\u0153ur, c\u2019est ce chemin que j\u2019ai suivi pour me retrouver devant vous aujourd\u2019hui, \u00e0 vous proposer mes services, mon c\u0153ur a parl\u00e9, et j\u2019ai envie d\u2019accompagner vos enfants pour que leur c\u0153ur et esprit soit en harmonie, ensemble \u00e9veillons nos adultes de demain.<\/p>\t\t\t\t\t\t<\/div>\n\t\t\t\t<\/div>\n\t\t\t\t<\/div>\n\t\t<div class=\"elementor-element elementor-element-078c4f2 e-con-full e-flex e-con e-child\" data-id=\"078c4f2\" data-element_type=\"container\" data-settings=\"{&quot;content_width&quot;:&quot;full&quot;}\">\n\t\t\t\t<div class=\"elementor-element elementor-element-daaa38a elementor-widget elementor-widget-image\" data-id=\"daaa38a\" data-element_type=\"widget\" data-widget_type=\"image.default\">\n\t\t\t\t<div class=\"elementor-widget-container\">\n\t\t\t\t\t\t\t\t\t\t\t\t\t\t\t<img decoding=\"async\" width=\"500\" height=\"500\" src=\"https:\/\/stempsmeditation.fr\/wp-content\/uploads\/2024\/05\/logostempsmeditation.png\" class=\"attachment-large size-large wp-image-760\" alt=\"\" srcset=\"https:\/\/stempsmeditation.fr\/wp-content\/uploads\/2024\/05\/logostempsmeditation.png 500w, https:\/\/stempsmeditation.fr\/wp-content\/uploads\/2024\/05\/logostempsmeditation-300x300.png 300w, https:\/\/stempsmeditation.fr\/wp-content\/uploads\/2024\/05\/logostempsmeditation-150x150.png 150w, https:\/\/stempsmeditation.fr\/wp-content\/uploads\/2024\/05\/logostempsmeditation-450x450.png 450w, https:\/\/stempsmeditation.fr\/wp-content\/uploads\/2024\/05\/logostempsmeditation-100x100.png 100w\" sizes=\"(max-width: 500px) 100vw, 500px\" \/>\t\t\t\t\t\t\t\t\t\t\t\t\t\t\t<\/div>\n\t\t\t\t<\/div>\n\t\t\t\t<\/div>\n\t\t\t\t<\/div>\n\t\t\t\t\t\t\t<\/div>\n\t\t","protected":false},"excerpt":{"rendered":"<p>Bonjour,\u00a0 St\u00e9phanie, hypnoth\u00e9rapeute et \u00e9nerg\u00e9ticienne Reiki, j\u2019ai cr\u00e9\u00e9 il y a quelques mois une cha\u00eene YouTube o\u00f9 je vous partage des m\u00e9ditations pour adultes et enfants, j\u2019aime cr\u00e9er des histoires qui vous transportent, vous apaise, vous r\u00e9invente et vous rende meilleur. Le cerveau ne fait pas la diff\u00e9rence entre le r\u00e9el et l\u2019imaginaire, par le [&hellip;]<\/p>\n","protected":false},"author":1,"featured_media":0,"parent":0,"menu_order":0,"comment_status":"closed","ping_status":"closed","template":"elementor_canvas","meta":{"footnotes":""},"class_list":["post-7","page","type-page","status-publish","hentry"],"_links":{"self":[{"href":"https:\/\/stempsmeditation.fr\/index.php\/wp-json\/wp\/v2\/pages\/7","targetHints":{"allow":["GET"]}}],"collection":[{"href":"https:\/\/stempsmeditation.fr\/index.php\/wp-json\/wp\/v2\/pages"}],"about":[{"href":"https:\/\/stempsmeditation.fr\/index.php\/wp-json\/wp\/v2\/types\/page"}],"author":[{"embeddable":true,"href":"https:\/\/stempsmeditation.fr\/index.php\/wp-json\/wp\/v2\/users\/1"}],"replies":[{"embeddable":true,"href":"https:\/\/stempsmeditation.fr\/index.php\/wp-json\/wp\/v2\/comments?post=7"}],"version-history":[{"count":22,"href":"https:\/\/stempsmeditation.fr\/index.php\/wp-json\/wp\/v2\/pages\/7\/revisions"}],"predecessor-version":[{"id":763,"href":"https:\/\/stempsmeditation.fr\/index.php\/wp-json\/wp\/v2\/pages\/7\/revisions\/763"}],"wp:attachment":[{"href":"https:\/\/stempsmeditation.fr\/index.php\/wp-json\/wp\/v2\/media?parent=7"}],"curies":[{"name":"wp","href":"https:\/\/api.w.org\/{rel}","templated":true}]}}