{"id":147,"date":"2024-03-13T16:46:32","date_gmt":"2024-03-13T15:46:32","guid":{"rendered":"https:\/\/stempsmeditation.fr\/?post_type=product&#038;p=147"},"modified":"2024-05-11T22:00:18","modified_gmt":"2024-05-11T20:00:18","slug":"thematique","status":"publish","type":"product","link":"https:\/\/stempsmeditation.fr\/index.php\/produit\/thematique\/","title":{"rendered":"Je choisis la th\u00e9matique de mon enfant"},"content":{"rendered":"","protected":false},"excerpt":{"rendered":"<p>Peut \u00eatre que la raison d\u2019une m\u00e9ditation personnalis\u00e9e pour votre enfant ne se trouve pas dans les th\u00e8mes \u00e9nonc\u00e9s ci dessus, alors dites moi ce que vous souhaitez.<\/p>\n","protected":false},"featured_media":270,"template":"","meta":[],"product_cat":[20],"product_tag":[],"class_list":{"0":"post-147","1":"product","2":"type-product","3":"status-publish","4":"has-post-thumbnail","6":"product_cat-non-classe","7":"wcpa_has_options","9":"first","10":"instock","11":"shipping-taxable","12":"purchasable","13":"product-type-variable"},"wcpa_form_fields":{"wcpaData":{"product":{"product_price":0,"price_html":"<span class=\"woocommerce-Price-amount amount\"><bdi>0,00&nbsp;<span class=\"woocommerce-Price-currencySymbol\">&euro;<\/span><\/bdi><\/span> &ndash; <span class=\"woocommerce-Price-amount amount\"><bdi>25,00&nbsp;<span class=\"woocommerce-Price-currencySymbol\">&euro;<\/span><\/bdi><\/span>","original_product_price":0,"price_including_tax":0,"price_excluding_tax":0,"product_id":{"parent":147,"variation":false},"is_variable":true,"stock_status":"instock","stock_quantity":null,"parent_sku":"","product_attributes":{"je-souhaite-ajouter-le-reiki":{"is_variation":true,"values":[]}},"custom_fields":[],"is_taxable":false,"product_name":"Je choisis la th\u00e9matique de mon enfant"},"fields":{"sec_06606de73210d7":{"extra":{"key":"sec_06606de73210d7","section_id":"sec_06606de73210d7","name":"Default","status":1,"toggle":true,"form_id":269,"form_rules":{"exclude_from_discount":false,"fee_label":"Fee","disp_hide_options_price":false,"disp_show_section_price":false,"disp_show_field_price":true,"layout_option":"standard","pric_use_as_fee":false,"process_fee_as":"woo_fee"},"layout_option":"standard"},"fields":[[{"active":true,"col":3,"relations":false,"cl_rule":"show","enableCl":false,"price":"","enablePrice":false,"className":"","type":"text","subtype":"text","required":true,"elementId":"text_7262143251","label":"Choisissez le sujet de la m\u00e9ditation","name":"choix_meditation_personnalise","value":"","error":false,"gt_translate_keys":["label","value"],"price_dependency":false,"cl_dependency":false},{"active":true,"col":3,"relations":false,"cl_rule":"show","enableCl":false,"price":"","enablePrice":false,"className":"","type":"text","subtype":"text","required":true,"elementId":"text_96606de73210fc","label":"Le pr\u00e9nom de mon enfant","name":"text_96606de73210fc","value":"","error":false,"gt_translate_keys":["label","value"],"price_dependency":false,"cl_dependency":false}],[{"active":true,"col":2,"relations":false,"cl_rule":"show","enableCl":false,"price":"","enablePrice":false,"className":"","type":"radio-group","required":true,"elementId":"radio-group_16606de7321106","label":"Fond musical","name":"radio-group_16606de7321106","values":[{"label":"Oui","value":"Oui","selected":false,"tempId":"aco_578","gt_translate_keys":["label"]},{"label":"Non","value":"Non","selected":false,"tempId":"aco_580","gt_translate_keys":["label"]}],"error":false,"layOut":"","checkUi":"toggle","label_position":"above","scrollBar":false,"gt_translate_keys":["label"],"price_dependency":false,"cl_dependency":false,"value":""},{"active":true,"col":2,"relations":false,"cl_rule":"show","enableCl":false,"price":"","enablePrice":false,"className":"","label_position":"default","desc_position":"default","type":"content","required":false,"elementId":"content_8112337137","label":"","name":"content_8112337137","contentType":"rich","value":"<p>Je choisi moi-m\u00eame la th\u00e9matique pour mon enfant<\/p>","error":false,"gt_translate_keys":["label","value"],"price_dependency":false,"cl_dependency":false},{"active":true,"col":2,"relations":false,"cl_rule":"show","enableCl":false,"price":"","enablePrice":false,"className":"","type":"text","subtype":"text","required":false,"elementId":"text_06606de732110d","label":"Son animal de compagnie","name":"text_06606de732110d","value":"","error":false,"gt_translate_keys":["label","value"],"price_dependency":false,"cl_dependency":false}],[{"active":true,"col":3,"relations":false,"cl_rule":"show","enableCl":false,"price":"","enablePrice":false,"className":"","label_position":"default","desc_position":"default","type":"textarea","required":false,"elementId":"textarea_3549803048","label":"Ses passions","name":"textarea_3549803048","value":"","rows":2,"error":false,"gt_translate_keys":["label","value"],"price_dependency":false,"cl_dependency":false},{"active":true,"col":3,"relations":false,"cl_rule":"show","enableCl":false,"price":"","enablePrice":false,"className":"","type":"text","subtype":"text","required":false,"elementId":"text_66606de7321114","label":"Un endroit qui l'apaise","name":"text_66606de7321114","value":"","error":false,"gt_translate_keys":["label","value"],"price_dependency":false,"cl_dependency":false}],[{"active":true,"col":3,"relations":false,"cl_rule":"show","enableCl":false,"price":"","enablePrice":false,"className":"","label_position":"default","desc_position":"default","type":"textarea","required":false,"elementId":"textarea_7182238691","label":"Les pr\u00e9noms de ses camarades","name":"textarea_7182238691","value":"","rows":2,"error":false,"gt_translate_keys":["label","value"],"price_dependency":false,"cl_dependency":false},{"active":true,"col":3,"relations":false,"cl_rule":"show","enableCl":false,"price":"","enablePrice":false,"className":"","label_position":"default","desc_position":"default","type":"file","required":false,"elementId":"file_2155642802","name":"file_2155642802","label":"La photo de mon enfant","upload_type":"ajax","uploadSize":500,"file_types":["images"],"error":false,"exts_supported":["jpg","gif","png"],"placeholder":"Vous pouvez glisser la photo","description":"","tooltip":"","fee_label":"Vous pouvez glisser la photo","cartLabel":"Photo de l'enfant","allowedFileTypes":".jpg,.gif,.png,image\/*","gt_translate_keys":["label","placeholder","description","tooltip"],"price_dependency":false,"cl_dependency":false,"value":""}]]}},"config":{"price_override":"","enable_recaptcha":false,"bind_quantity":false,"quantity_bind_formula":false,"disp_summ_show_option_price":true,"disp_summ_show_product_price":true,"disp_summ_show_total_price":true,"disp_summ_show_fee":false,"disp_summ_show_discount":false,"summary_title":"R\u00e9sumer de la commande","options_total_label":"Prix des options","total_label":"Total","options_product_label":"Prix du produit","fee_label":"Fee","discount_label":"Discount","has_price":true,"has_quantity_formula":false},"mc_unit":1,"tax_rate":1,"tax_rate_real":1,"discount":{"percentage":0,"fixed":0},"design":{"conf":{"LabelPosition":"above","DescPosition":"above","UploadField":"custom_1","QuantityFieldStyle":"default"},"css":{"LeftLabelWidth":"120px"}},"formulas":[],"clones":false,"cartKey":false}},"_links":{"self":[{"href":"https:\/\/stempsmeditation.fr\/index.php\/wp-json\/wp\/v2\/product\/147","targetHints":{"allow":["GET"]}}],"collection":[{"href":"https:\/\/stempsmeditation.fr\/index.php\/wp-json\/wp\/v2\/product"}],"about":[{"href":"https:\/\/stempsmeditation.fr\/index.php\/wp-json\/wp\/v2\/types\/product"}],"version-history":[{"count":3,"href":"https:\/\/stempsmeditation.fr\/index.php\/wp-json\/wp\/v2\/product\/147\/revisions"}],"predecessor-version":[{"id":726,"href":"https:\/\/stempsmeditation.fr\/index.php\/wp-json\/wp\/v2\/product\/147\/revisions\/726"}],"wp:featuredmedia":[{"embeddable":true,"href":"https:\/\/stempsmeditation.fr\/index.php\/wp-json\/wp\/v2\/media\/270"}],"wp:attachment":[{"href":"https:\/\/stempsmeditation.fr\/index.php\/wp-json\/wp\/v2\/media?parent=147"}],"wp:term":[{"taxonomy":"product_cat","embeddable":true,"href":"https:\/\/stempsmeditation.fr\/index.php\/wp-json\/wp\/v2\/product_cat?post=147"},{"taxonomy":"product_tag","embeddable":true,"href":"https:\/\/stempsmeditation.fr\/index.php\/wp-json\/wp\/v2\/product_tag?post=147"}],"curies":[{"name":"wp","href":"https:\/\/api.w.org\/{rel}","templated":true}]}}